{"id":470,"date":"2014-11-17T13:53:28","date_gmt":"2014-11-17T13:53:28","guid":{"rendered":"http:\/\/demo.oceanthemes.net\/ananke\/?page_id=470"},"modified":"2020-11-19T04:28:54","modified_gmt":"2020-11-19T01:28:54","slug":"home-moving-light","status":"publish","type":"page","link":"https:\/\/hedefgeridonusum.com.tr\/","title":{"rendered":"Ana Sayfa"},"content":{"rendered":"<p>[vc_row extra_id=&#8221;home&#8221; wrap_class=&#8221;yes&#8221; fullwidth=&#8221;yes&#8221; css=&#8221;.vc_custom_1605740078004{background-image: url(http:\/\/hedefgeridonusum.com.tr\/wp-content\/uploads\/2020\/11\/cam-bgg.jpg?id=785) !important;}&#8221;][vc_column]\t\n\t<div class=\"parallax-home\"  ><\/div>\n\t<div class=\"big-text flippy\">\n\t\t<\/p>\n<ul>\n<li><b>Cam Geri D\u00f6n\u00fc\u015f\u00fcm<\/b><\/li>\n<li><b>Cam At\u0131k Toplama<\/b><\/li>\n<li><b>Ayna At\u0131k Toplama<\/b><\/li>\n<\/ul>\n<p>\t<\/div>\n\t<script type=\"text\/javascript\">\n\t(function($) { \"use strict\";\n\t   var pos = 0;\n\t    window.setInterval(function(){\n\t      pos++;\n\t      document.getElementsByClassName('parallax-home')[0].style.backgroundPosition = pos + \"px 0px\";\n\t    }, 40);\n\t})(jQuery);\n\t<\/script>\n\t<a class=\"scroll\" href=\"#hakkimizda\"><div  class=\"scroll-btn tipped\" data-title=\"Kayd\u0131r\"><\/div><\/a>\t\n\t<div class=\"small-text\">\n\t\t<div class=\"cl-effect-5\">\n\t\t\t<a class=\"scroll\" href=\"#hakkimizda\"><span data-hover=\"Hakk\u0131m\u0131zda\">Hakk\u0131m\u0131zda<\/span><\/a>\t\t\t<a class=\"scroll\" href=\"#iletisim\"><span data-hover=\"iletisim\">iletisim<\/span><\/a>\t\t<\/div>\n\t<\/div>\n\n\t\n\t<div class=\"social-top\">\n\t\t<ul class=\"list-social\">\n\t\t\t\t\t\t\t\t\t\t\t\t\t\t\t\t\t<\/ul>\t\n\t<\/div>\n\n[\/vc_column][\/vc_row][vc_row extra_id=&#8221;hakkimizda&#8221; ses_title=&#8221;Hakk\u0131m\u0131zda&#8221; ses_sub_title=&#8221;Hedef Geri D\u00f6n\u00fc\u015f\u00fcm olarak, 1998 y\u0131l\u0131nda faaliyetlerine 2 ki\u015fi ve bir kamyon ile ba\u015flayan Hedef Geri D\u00f6n\u00fc\u015f\u00fcm, her y\u0131l b\u00fcy\u00fcyerek g\u00fcn\u00fcm\u00fcze ula\u015fm\u0131\u015ft\u0131r. 2018 y\u0131l\u0131 itibari ile; Personel say\u0131m\u0131z 15 ki\u015fiye, depo say\u0131m\u0131z ise \u015eekerp\u0131nar ve Sultangazi olmak \u00fczere ikiye \u00e7\u0131karm\u0131\u015ft\u0131r. Bunun yan\u0131 s\u0131ra ara\u00e7 say\u0131m\u0131zda da \u00f6nemli \u00f6l\u00e7\u00fcde art\u0131\u015f olmu\u015ftur. \u015euanda 2 adet kamyonet, 3 adet kamyon, 2 adet kep\u00e7e ile ayl\u0131k cam at\u0131\u011f\u0131 toplama kapasitemiz 1000 (bin) ton seviyesine ula\u015fm\u0131\u015ft\u0131r.<br \/>\nFaaliyetlerimize ve b\u00fcy\u00fcmeye h\u0131zla devam ediyoruz. \u00dclkemizin kalk\u0131nmas\u0131 i\u00e7in var g\u00fcc\u00fcm\u00fczle \u00e7al\u0131\u015fmalar\u0131m\u0131za t\u00fcm h\u0131z\u0131yla devam ediyoruz.&#8221; css=&#8221;.vc_custom_1605736322572{padding-top: 60px !important;padding-bottom: 60px !important;background-color: #ffffff !important;}&#8221;][vc_column width=&#8221;1\/3&#8243; column_effect=&#8221;topmove&#8221;][\/vc_column][vc_column width=&#8221;1\/3&#8243;][\/vc_column][vc_column width=&#8221;1\/3&#8243;][\/vc_column][\/vc_row][vc_row extra_id=&#8221;hizmetlerimiz&#8221; fullwidth=&#8221;yes&#8221;][vc_column]\t\n\t<div class=\"video-sections\">\n\t\t<div class=\"video-section-1\"  >\n\t\t\t\t\t\t<div class=\"just_pattern\"><\/div>\n\t\t\t<div class=\"text-over-video\">Hedef Geri D\u00f6n\u00fc\u015f\u00fcm<\/div>\t\n\t\t<\/div>\t\n\t\t<div class=\"video-section-2\">\t\n\t\t\t<div class=\"container\">\n\t\t\t\t<div class=\"nine columns padding-top-video-sec2\" data-scrollreveal=\"enter right and move 150px over 1s\">\n\t\t\t\t\t<\/p>\n<h5>Cam Geri D\u00f6n\u00fc\u015f\u00fcm<\/h5>\n<p>Cam asla at\u0131k de\u011fildir. Cam, %100 geri d\u00f6n\u00fc\u015ft\u00fcr\u00fclebilen bir \u00fcr\u00fcnd\u00fcr. Hurda camlar bir\u00e7ok sekt\u00f6re yeniden kazan\u0131ma d\u00f6n\u00fc\u015febilmektedir.\t\t\t\t<\/div>\n\t\t\t\t<div class=\"clear\"><\/div>\n\t\t\t\t<div class=\"nine columns\" data-scrollreveal=\"enter right and move 150px over 1s\">\n\t\t\t\t\t<\/p>\n<h5>Ayna Geri D\u00f6n\u00fc\u015f\u00fcm<\/h5>\n<p>Ayna da ayn\u0131 Cam gibi geri d\u00f6n\u00fc\u015ft\u00fcr\u00fclebilen \u00fcr\u00fcnd\u00fcr. Hurda aynala bir\u00e7ok sanayi i\u00e7in hammadde olarak kullan\u0131labilmektedir.\t\t\t\t<\/div>\n\t\t\t\t<div class=\"clear\"><\/div>\n\t\t\t\t<div class=\"nine columns\" data-scrollreveal=\"enter right and move 150px over 1s\">\n\t\t\t\t\t<\/p>\n<h5>Hurda Cam Toplama<\/h5>\n<p>\u0130n\u015fat\u0131n\u0131zda, \u00e7evrenizde y\u00fckl\u00fc miktarda bulunan cam at\u0131klar\u0131n\u0131, kamyonlar\u0131m\u0131zla gelip topluyoruz.\t\t\t\t<\/div>\n\t\t\t<\/div>\n\t\t<\/div>\t\n\t<\/div>\n\n[\/vc_column][\/vc_row][vc_row extra_id=&#8221;tesisimiz&#8221; css=&#8221;.vc_custom_1605744043217{padding-top: 60px !important;background-color: #35312e !important;background-position: center !important;background-repeat: no-repeat !important;background-size: cover !important;}&#8221;][vc_column][vc_custom_heading text=&#8221;Tesisimiz&#8221; font_container=&#8221;tag:h2|text_align:center|color:%23ffffff&#8221; google_fonts=&#8221;font_family:Roboto%3A100%2C100italic%2C300%2C300italic%2Cregular%2Citalic%2C500%2C500italic%2C700%2C700italic%2C900%2C900italic|font_style:700%20bold%20regular%3A700%3Anormal&#8221;][vc_gallery type=&#8221;image_grid&#8221; images=&#8221;796,797,798,799,800,801,802&#8243; img_size=&#8221;medium&#8221; css=&#8221;.vc_custom_1605743612358{padding-top: 35px !important;}&#8221;][\/vc_column][\/vc_row][vc_row extra_id=&#8221;iletisim&#8221; ses_title=&#8221;\u0130LET\u0130\u015e\u0130M&#8221; fullwidth=&#8221;yes&#8221; css=&#8221;.vc_custom_1605744163333{padding-top: 40px !important;padding-bottom: 20px !important;}&#8221;][vc_column]\t\n\t<div class=\"link-work\" data-scrollreveal=\"enter top and move 150px over 1s\">\n\t\t<h6><\/h6>\n\t\t<div class=\"cl-effect-5\">\n\t\t\t<a class=\"scroll\" href=\"#iletisim\">\n\t\t\t\t<span data-hover=\"bize ula\u015f\u0131n\">bize ula\u015f\u0131n<\/span>\n\t\t\t<\/a>\n\t\t<\/div>\n\t<\/div>\n\n[\/vc_column][\/vc_row][vc_row][vc_column width=&#8221;1\/2&#8243;]\t\n\t<div class=\"contact-wrap\">\n\t\t<p><i class=\"fa fa-phone\"><\/i><span>Tel<\/span> +90 536 848 04 47<\/p>\t\n\t<\/div>\n\n\t\n\t<div class=\"contact-wrap\">\n\t\t<p><i class=\"fa fa-envelope\"><\/i><span>Mail:<\/span> info@hedefgeridonusum.com.tr<\/p>\t\n\t<\/div>\n\n[\/vc_column][vc_column width=&#8221;1\/2&#8243;]\t\n\t<div class=\"contact-wrap\">\n\t\t<p><i class=\"fa fa-map-marker\"><\/i><span>Fabrika<\/span> Cebeci Mah. 2602 Sk. No: 32 \/ A Sultangazi \/ \u0130stanbul<\/p>\t\n\t<\/div>\n\n\t\n\t<div class=\"contact-wrap\">\n\t\t<p><i class=\"fa fa-map-marker\"><\/i><span>\u015eube:<\/span> \u015eekerp\u0131nar Mah. Mevlana Cad. No: 20 \u00c7ay\u0131rova \/ Kocaeli<\/p>\t\n\t<\/div>\n\n[\/vc_column][\/vc_row][vc_row fullwidth=&#8221;yes&#8221; css=&#8221;.vc_custom_1415971339059{padding-bottom: 60px !important;}&#8221;][vc_column]\t\t\t<div class=\"container\">\n\t\t\t<div class=\"twelve columns\" data-scrollreveal=\"enter bottom and move 150px over 1s\">\t\n\t\t\t\t<a class=\"button-map close-map\"><span>KONUM<\/span><\/a>\n\t\t\t<\/div>\n\t\t<\/div>\n\t\t\n\t<div id=\"google_map\"  ><\/div>\n\n\t<script type=\"text\/javascript\">\n\t\t(function($) { \"use strict\"\n\t\t\tvar e=new google.maps.LatLng(41.115647,28.856336),\n\t\t\to={zoom:14,center:new google.maps.LatLng(41.115647,28.856336),\n\t\t\tmapTypeId:google.maps.MapTypeId.ROADMAP,\n\t\t\tmapTypeControl:!1,\n\t\t\tscrollwheel:!1,\n\t\t\tdraggable:!0,\n\t\t\tnavigationControl:!1\n\t\t\t},\n\t\t\tn=new google.maps.Map(document.getElementById(\"google_map\"),o);\n\t\t\tgoogle.maps.event.addDomListener(window,\"resize\",function(){var e=n.getCenter();\n\t\t\tgoogle.maps.event.trigger(n,\"resize\"),n.setCenter(e)});\n\t\t\t\n\t\t\tvar g='<div class=\"map-tooltip\"><h6>Hedef Geri D\u00f6n\u00fc\u015f\u00fcm<\/h6><\/div>',a=new google.maps.InfoWindow({content:g})\n\t\t\t,t=new google.maps.MarkerImage(\"https:\/\/hedefgeridonusum.com.tr\/wp-content\/uploads\/2014\/11\/map-pin.png\",new google.maps.Size(40,70),\n\t\t\tnew google.maps.Point(0,0),new google.maps.Point(20,55)),\n\t\t\ti=new google.maps.LatLng(41.115647,28.856336),\n\t\t\tp=new google.maps.Marker({position:i,map:n,icon:t,zIndex:3});\n\t\t\tgoogle.maps.event.addListener(p,\"click\",function(){a.open(n,p)});\n\n\t\t\t\t\t\t\n\t\t\t\t$(\".button-map\").click(function(){$(\"#google_map\").slideToggle(300,function(){google.maps.event.trigger(n,\"resize\"),n.setCenter(e)}),\n\t\t\t\t$(this).toggleClass(\"close-map show-map\")});\n\t\t\t\n\t\t})(jQuery);\n\t<\/script>\n\n[vc_column_text]<iframe style=\"border: 0;\" tabindex=\"0\" src=\"https:\/\/www.google.com\/maps\/embed?pb=!1m18!1m12!1m3!1d3005.873348397859!2d28.854168314787135!3d41.11545702077242!2m3!1f0!2f0!3f0!3m2!1i1024!2i768!4f13.1!3m3!1m2!1s0x14caae26d13dbced%3A0xc6bafc2ec4b42e23!2zSEVERUYgR0VSxLAgRMOWTsOcxZ7DnE0!5e0!3m2!1str!2str!4v1605741306818!5m2!1str!2str\" width=\"600\" height=\"450\" frameborder=\"0\" allowfullscreen=\"allowfullscreen\" aria-hidden=\"false\"><\/iframe>[\/vc_column_text][\/vc_column][\/vc_row]<\/p>\n","protected":false},"excerpt":{"rendered":"<p>[vc_row extra_id=&#8221;home&#8221; wrap_class=&#8221;yes&#8221; fullwidth=&#8221;yes&#8221; css=&#8221;.vc_custom_1605740078004{background-image: url(http:\/\/hedefgeridonusum.com.tr\/wp-content\/uploads\/2020\/11\/cam-bgg.jpg?id=785) !important;}&#8221;][vc_column][\/vc_column][\/vc_row][vc_row extra_id=&#8221;hakkimizda&#8221; ses_title=&#8221;Hakk\u0131m\u0131zda&#8221; ses_sub_title=&#8221;Hedef Geri D\u00f6n\u00fc\u015f\u00fcm olarak, 1998 y\u0131l\u0131nda faaliyetlerine 2 ki\u015fi ve bir kamyon ile ba\u015flayan Hedef Geri D\u00f6n\u00fc\u015f\u00fcm, her y\u0131l b\u00fcy\u00fcyerek g\u00fcn\u00fcm\u00fcze ula\u015fm\u0131\u015ft\u0131r. 2018 y\u0131l\u0131 itibari ile; Personel say\u0131m\u0131z 15 ki\u015fiye, depo say\u0131m\u0131z ise \u015eekerp\u0131nar ve Sultangazi olmak \u00fczere ikiye \u00e7\u0131karm\u0131\u015ft\u0131r. Bunun yan\u0131 s\u0131ra ara\u00e7 say\u0131m\u0131zda da [&hellip;]<\/p>\n","protected":false},"author":1,"featured_media":0,"parent":0,"menu_order":0,"comment_status":"open","ping_status":"open","template":"page-templates\/template-canvas.php","meta":[],"_links":{"self":[{"href":"https:\/\/hedefgeridonusum.com.tr\/index.php?rest_route=\/wp\/v2\/pages\/470"}],"collection":[{"href":"https:\/\/hedefgeridonusum.com.tr\/index.php?rest_route=\/wp\/v2\/pages"}],"about":[{"href":"https:\/\/hedefgeridonusum.com.tr\/index.php?rest_route=\/wp\/v2\/types\/page"}],"author":[{"embeddable":true,"href":"https:\/\/hedefgeridonusum.com.tr\/index.php?rest_route=\/wp\/v2\/users\/1"}],"replies":[{"embeddable":true,"href":"https:\/\/hedefgeridonusum.com.tr\/index.php?rest_route=%2Fwp%2Fv2%2Fcomments&post=470"}],"version-history":[{"count":48,"href":"https:\/\/hedefgeridonusum.com.tr\/index.php?rest_route=\/wp\/v2\/pages\/470\/revisions"}],"predecessor-version":[{"id":854,"href":"https:\/\/hedefgeridonusum.com.tr\/index.php?rest_route=\/wp\/v2\/pages\/470\/revisions\/854"}],"wp:attachment":[{"href":"https:\/\/hedefgeridonusum.com.tr\/index.php?rest_route=%2Fwp%2Fv2%2Fmedia&parent=470"}],"curies":[{"name":"wp","href":"https:\/\/api.w.org\/{rel}","templated":true}]}}